{"id":52,"date":"2023-10-09T17:04:37","date_gmt":"2023-10-09T17:04:37","guid":{"rendered":"https:\/\/mrfashion.pt\/?page_id=52"},"modified":"2023-10-18T10:19:56","modified_gmt":"2023-10-18T10:19:56","slug":"empresa-textil-especializada-na-confeccao-de-vestuario-de-homem-mulher-e-crianca-e-na-fabricacao-de-acessorios-2","status":"publish","type":"page","link":"https:\/\/mrfashion.pt\/","title":{"rendered":""},"content":{"rendered":"\n<h5 class=\"wp-block-heading has-text-align-center\">EMPRESA T\u00caXTIL ESPECIALIZADA NA CONFEC\u00c7\u00c3O DE VESTU\u00c1RIO DE HOMEM, MULHER E CRIAN\u00c7A E NA FABRICA\u00c7\u00c3O DE ACESS\u00d3RIOS<\/h5>\n\n\n\n<h5 class=\"wp-block-heading has-text-align-center\">TEXTILE COMPANY SPECIALIZING IN THE MANUFACTURE OF MEN, WOMEN AND CHILDREN&#8217;S CLOTHING AND ACCESSORIES<\/h5>\n\n\n\n<h5 class=\"wp-block-heading has-text-align-center has-white-background-color has-background\">ENTREPRISE TEXTILE SP\u00c9CIALIS\u00c9E DANS LA FABRICATION DE V\u00caTEMENTS ET D&#8217;ACCESSOIRES POUR HOMMES, FEMMES ET ENFANTS<\/h5>\n","protected":false},"excerpt":{"rendered":"<p>EMPRESA T\u00caXTIL ESPECIALIZADA NA CONFEC\u00c7\u00c3O DE VESTU\u00c1RIO DE HOMEM, MULHER E CRIAN\u00c7A E NA FABRICA\u00c7\u00c3O DE ACESS\u00d3RIOS TEXTILE COMPANY SPECIALIZING IN THE MANUFACTURE OF MEN, WOMEN AND CHILDREN&#8217;S CLOTHING AND ACCESSORIES ENTREPRISE TEXTILE SP\u00c9CIALIS\u00c9E DANS LA FABRICATION DE V\u00caTEMENTS ET D&#8217;ACCESSOIRES POUR HOMMES, FEMMES ET ENFANTS<\/p>\n","protected":false},"author":2,"featured_media":0,"parent":0,"menu_order":0,"comment_status":"closed","ping_status":"closed","template":"","meta":{"footnotes":""},"class_list":["post-52","page","type-page","status-publish","hentry"],"yoast_head":"<!-- This site is optimized with the Yoast SEO plugin v24.0 - https:\/\/yoast.com\/wordpress\/plugins\/seo\/ -->\n<title>-<\/title>\n<meta name=\"description\" content=\"Empresa sediada em Mascotelos, Guimar\u00e3es , o Marco Pereira \u00e9 o Ceo e o estilista desta empresa t\u00eaxtil que abre portas a marcas como a Vogue , Paco Rabanne ,Carolina Herrera entre outras..\" \/>\n<meta name=\"robots\" content=\"index, follow, max-snippet:-1, max-image-preview:large, max-video-preview:-1\" \/>\n<link rel=\"canonical\" href=\"https:\/\/mrfashion.pt\/\" \/>\n<meta property=\"og:locale\" content=\"pt_PT\" \/>\n<meta property=\"og:type\" content=\"article\" \/>\n<meta property=\"og:title\" content=\"-\" \/>\n<meta property=\"og:description\" content=\"Empresa sediada em Mascotelos, Guimar\u00e3es , o Marco Pereira \u00e9 o Ceo e o estilista desta empresa t\u00eaxtil que abre portas a marcas como a Vogue , Paco Rabanne ,Carolina Herrera entre outras..\" \/>\n<meta property=\"og:url\" content=\"https:\/\/mrfashion.pt\/\" \/>\n<meta property=\"article:modified_time\" content=\"2023-10-18T10:19:56+00:00\" \/>\n<meta name=\"twitter:card\" content=\"summary_large_image\" \/>\n<meta name=\"twitter:label1\" content=\"Tempo estimado de leitura\" \/>\n\t<meta name=\"twitter:data1\" content=\"1 minuto\" \/>\n<script type=\"application\/ld+json\" class=\"yoast-schema-graph\">{\"@context\":\"https:\/\/schema.org\",\"@graph\":[{\"@type\":\"WebPage\",\"@id\":\"https:\/\/mrfashion.pt\/\",\"url\":\"https:\/\/mrfashion.pt\/\",\"name\":\"-\",\"isPartOf\":{\"@id\":\"https:\/\/mrfashion.pt\/#website\"},\"datePublished\":\"2023-10-09T17:04:37+00:00\",\"dateModified\":\"2023-10-18T10:19:56+00:00\",\"description\":\"Empresa sediada em Mascotelos, Guimar\u00e3es , o Marco Pereira \u00e9 o Ceo e o estilista desta empresa t\u00eaxtil que abre portas a marcas como a Vogue , Paco Rabanne ,Carolina Herrera entre outras..\",\"inLanguage\":\"pt-PT\",\"potentialAction\":[{\"@type\":\"ReadAction\",\"target\":[\"https:\/\/mrfashion.pt\/\"]}]},{\"@type\":\"WebSite\",\"@id\":\"https:\/\/mrfashion.pt\/#website\",\"url\":\"https:\/\/mrfashion.pt\/\",\"name\":\"\",\"description\":\"\",\"potentialAction\":[{\"@type\":\"SearchAction\",\"target\":{\"@type\":\"EntryPoint\",\"urlTemplate\":\"https:\/\/mrfashion.pt\/?s={search_term_string}\"},\"query-input\":{\"@type\":\"PropertyValueSpecification\",\"valueRequired\":true,\"valueName\":\"search_term_string\"}}],\"inLanguage\":\"pt-PT\"}]}<\/script>\n<!-- \/ Yoast SEO plugin. -->","yoast_head_json":{"title":"-","description":"Empresa sediada em Mascotelos, Guimar\u00e3es , o Marco Pereira \u00e9 o Ceo e o estilista desta empresa t\u00eaxtil que abre portas a marcas como a Vogue , Paco Rabanne ,Carolina Herrera entre outras..","robots":{"index":"index","follow":"follow","max-snippet":"max-snippet:-1","max-image-preview":"max-image-preview:large","max-video-preview":"max-video-preview:-1"},"canonical":"https:\/\/mrfashion.pt\/","og_locale":"pt_PT","og_type":"article","og_title":"-","og_description":"Empresa sediada em Mascotelos, Guimar\u00e3es , o Marco Pereira \u00e9 o Ceo e o estilista desta empresa t\u00eaxtil que abre portas a marcas como a Vogue , Paco Rabanne ,Carolina Herrera entre outras..","og_url":"https:\/\/mrfashion.pt\/","article_modified_time":"2023-10-18T10:19:56+00:00","twitter_card":"summary_large_image","twitter_misc":{"Tempo estimado de leitura":"1 minuto"},"schema":{"@context":"https:\/\/schema.org","@graph":[{"@type":"WebPage","@id":"https:\/\/mrfashion.pt\/","url":"https:\/\/mrfashion.pt\/","name":"-","isPartOf":{"@id":"https:\/\/mrfashion.pt\/#website"},"datePublished":"2023-10-09T17:04:37+00:00","dateModified":"2023-10-18T10:19:56+00:00","description":"Empresa sediada em Mascotelos, Guimar\u00e3es , o Marco Pereira \u00e9 o Ceo e o estilista desta empresa t\u00eaxtil que abre portas a marcas como a Vogue , Paco Rabanne ,Carolina Herrera entre outras..","inLanguage":"pt-PT","potentialAction":[{"@type":"ReadAction","target":["https:\/\/mrfashion.pt\/"]}]},{"@type":"WebSite","@id":"https:\/\/mrfashion.pt\/#website","url":"https:\/\/mrfashion.pt\/","name":"","description":"","potentialAction":[{"@type":"SearchAction","target":{"@type":"EntryPoint","urlTemplate":"https:\/\/mrfashion.pt\/?s={search_term_string}"},"query-input":{"@type":"PropertyValueSpecification","valueRequired":true,"valueName":"search_term_string"}}],"inLanguage":"pt-PT"}]}},"_links":{"self":[{"href":"https:\/\/mrfashion.pt\/index.php?rest_route=\/wp\/v2\/pages\/52","targetHints":{"allow":["GET"]}}],"collection":[{"href":"https:\/\/mrfashion.pt\/index.php?rest_route=\/wp\/v2\/pages"}],"about":[{"href":"https:\/\/mrfashion.pt\/index.php?rest_route=\/wp\/v2\/types\/page"}],"author":[{"embeddable":true,"href":"https:\/\/mrfashion.pt\/index.php?rest_route=\/wp\/v2\/users\/2"}],"replies":[{"embeddable":true,"href":"https:\/\/mrfashion.pt\/index.php?rest_route=%2Fwp%2Fv2%2Fcomments&post=52"}],"version-history":[{"count":32,"href":"https:\/\/mrfashion.pt\/index.php?rest_route=\/wp\/v2\/pages\/52\/revisions"}],"predecessor-version":[{"id":306,"href":"https:\/\/mrfashion.pt\/index.php?rest_route=\/wp\/v2\/pages\/52\/revisions\/306"}],"wp:attachment":[{"href":"https:\/\/mrfashion.pt\/index.php?rest_route=%2Fwp%2Fv2%2Fmedia&parent=52"}],"curies":[{"name":"wp","href":"https:\/\/api.w.org\/{rel}","templated":true}]}}