{"id":16,"date":"2023-10-09T16:17:47","date_gmt":"2023-10-09T16:17:47","guid":{"rendered":"https:\/\/mrfashion.pt\/?page_id=16"},"modified":"2023-10-19T07:45:21","modified_gmt":"2023-10-19T07:45:21","slug":"sobre","status":"publish","type":"page","link":"https:\/\/mrfashion.pt\/?page_id=16","title":{"rendered":"A EMPRESA\/ COMPANY\/ENTREPRISE"},"content":{"rendered":"\n<p><\/p>\n\n\n\n<figure class=\"wp-block-image size-large\"><img loading=\"lazy\" decoding=\"async\" width=\"1024\" height=\"498\" src=\"https:\/\/mrfashion.pt\/wp-content\/uploads\/2023\/10\/IMG-20231011-WA0122-1-1024x498.jpg\" alt=\"\" class=\"wp-image-218\" srcset=\"https:\/\/mrfashion.pt\/wp-content\/uploads\/2023\/10\/IMG-20231011-WA0122-1-1024x498.jpg 1024w, https:\/\/mrfashion.pt\/wp-content\/uploads\/2023\/10\/IMG-20231011-WA0122-1-300x146.jpg 300w, https:\/\/mrfashion.pt\/wp-content\/uploads\/2023\/10\/IMG-20231011-WA0122-1-768x373.jpg 768w, https:\/\/mrfashion.pt\/wp-content\/uploads\/2023\/10\/IMG-20231011-WA0122-1-1536x747.jpg 1536w, https:\/\/mrfashion.pt\/wp-content\/uploads\/2023\/10\/IMG-20231011-WA0122-1.jpg 2016w\" sizes=\"auto, (max-width: 767px) 89vw, (max-width: 1000px) 54vw, (max-width: 1071px) 543px, 580px\" \/><\/figure>\n\n\n\n<div class=\"wp-block-group is-vertical is-layout-flex wp-container-core-group-is-layout-1 wp-block-group-is-layout-flex\">\n<p>Mr Fashion \u00e9 uma empresa criada por jovens com mais de 30 anos de experi\u00eancia no sector. A nossa empresa adapta-se \u00e0s necessidades imediatas dos clientes, trabalhando com malhas, tecidos, sarjas, gangas peles e outros. Surgimos ap\u00f3s a pandemia em 2021 em Guimar\u00e3es, Portugal. A nossa empresa \u00e9 reconhecida pela sua qualidade, solidez e compet\u00eancia no mercado nacional e internacional. A qualidade dos artigos, prazos de entrega curtos, bem como profissionais altamente qualificados nos departamentos de produ\u00e7\u00e3o, design e log\u00edstica, t\u00eam sido sem d\u00favida uma mais valia para quem nos procura para o fabrico dos seus produtos. O nosso principal objetivo \u00e9 continuar a crescer, melhorar a nossa qualidade, melhorar as condi\u00e7\u00f5es dos nossos trabalhadores e se poss\u00edvel alargar a outros tipos de produtos para que possamos ser um fornecedor polivalente.<\/p>\n\n\n\n<p><\/p>\n<\/div>\n\n\n\n<div class=\"wp-block-columns is-layout-flex wp-container-core-columns-is-layout-1 wp-block-columns-is-layout-flex\">\n<div class=\"wp-block-column is-layout-flow wp-block-column-is-layout-flow\" style=\"flex-basis:100%\">\n<figure class=\"wp-block-image size-full\"><img loading=\"lazy\" decoding=\"async\" width=\"1024\" height=\"401\" src=\"https:\/\/mrfashion.pt\/wp-content\/uploads\/2023\/10\/DIPLOMAS.png\" alt=\"\" class=\"wp-image-219\" srcset=\"https:\/\/mrfashion.pt\/wp-content\/uploads\/2023\/10\/DIPLOMAS.png 1024w, https:\/\/mrfashion.pt\/wp-content\/uploads\/2023\/10\/DIPLOMAS-300x117.png 300w, https:\/\/mrfashion.pt\/wp-content\/uploads\/2023\/10\/DIPLOMAS-768x301.png 768w\" sizes=\"auto, (max-width: 767px) 89vw, (max-width: 1000px) 54vw, (max-width: 1071px) 543px, 580px\" \/><\/figure>\n<\/div>\n<\/div>\n\n\n\n<div class=\"wp-block-group is-vertical is-layout-flex wp-container-core-group-is-layout-2 wp-block-group-is-layout-flex\">\n<p>Mr Fashion is a young company created by young people with more 30 years of experience in the industry. Our company adapts to the immediate needs of clients, working with knits, woven fabrics, twills, denim, fur and others. We emerged after the pandemic in 2021 in Guimar\u00e3es, Portugal. Our company is recognized for its quality, solidity and competence in both national and international markets. The quality of the articles, short leadtimes as well as highly qualified professionals in the production, design and logistics departments, have undoubtedly been an asset for those who come to us for the manufacturing of their products. Our main goal is to keep growing , better our quality, better the conditions for our workers and if possible expand to other types of products so we can become an all-round supplier.<\/p>\n<\/div>\n\n\n<div class=\"wp-block-image\">\n<figure class=\"alignleft size-large is-resized\"><img loading=\"lazy\" decoding=\"async\" width=\"1024\" height=\"768\" src=\"https:\/\/mrfashion.pt\/wp-content\/uploads\/2023\/10\/IMG-20231011-WA0148-1024x768.jpg\" alt=\"\" class=\"wp-image-203\" style=\"aspect-ratio:1.3333333333333333;width:671px;height:auto\" srcset=\"https:\/\/mrfashion.pt\/wp-content\/uploads\/2023\/10\/IMG-20231011-WA0148-1024x768.jpg 1024w, https:\/\/mrfashion.pt\/wp-content\/uploads\/2023\/10\/IMG-20231011-WA0148-300x225.jpg 300w, https:\/\/mrfashion.pt\/wp-content\/uploads\/2023\/10\/IMG-20231011-WA0148-768x576.jpg 768w, https:\/\/mrfashion.pt\/wp-content\/uploads\/2023\/10\/IMG-20231011-WA0148-1536x1152.jpg 1536w, https:\/\/mrfashion.pt\/wp-content\/uploads\/2023\/10\/IMG-20231011-WA0148.jpg 2000w\" sizes=\"auto, (max-width: 767px) 89vw, (max-width: 1000px) 54vw, (max-width: 1071px) 543px, 580px\" \/><\/figure><\/div>\n\n\n<p>          <\/p>\n\n\n\n<p><\/p>\n\n\n\n<p><\/p>\n\n\n\n<p>Mr Fashion est une jeune entreprise cr\u00e9\u00e9e par des jeunes ayant plus de 30 ans d&#8217;exp\u00e9rience dans le secteur. Notre entreprise s&#8217;adapte aux besoins imm\u00e9diats des clients, travailler avec des mailles, des tissus, des serg\u00e9s, des denims, des cuirs\/fourrures et autres. Nous \u00e9mergeons apr\u00e8s la pand\u00e9mie de 2021 \u00e0 Guimar\u00e3es, au Portugal. Notre entreprise est reconnue pour sa qualit\u00e9, sa solidit\u00e9 et sa comp\u00e9tence sur les march\u00e9s nationaux et internationaux. La qualit\u00e9 des articles, les d\u00e9lais de livraison courts ainsi que les professionnels hautement qualifi\u00e9s dans les d\u00e9partements de production, de conception et de logistique, ont sans aucun doute \u00e9t\u00e9 un avantage pour ceux qui s&#8217;adressent \u00e0 nous pour la fabrication de leurs produits. Notre principal objectif est de continuer \u00e0 nous d\u00e9velopper, d&#8217;am\u00e9liorer la qualit\u00e9 de nos produits et les conditions de travail de nos employ\u00e9s et, si possible, de nous \u00e9largir \u00e0 d&#8217;autres types de produits afin de devenir un fournisseur polyvalent.<\/p>\n\n\n\n<figure class=\"wp-block-image size-large\"><img loading=\"lazy\" decoding=\"async\" width=\"1024\" height=\"498\" src=\"https:\/\/mrfashion.pt\/wp-content\/uploads\/2023\/10\/IMG-20231011-WA0123-1024x498.jpg\" alt=\"\" class=\"wp-image-205\" srcset=\"https:\/\/mrfashion.pt\/wp-content\/uploads\/2023\/10\/IMG-20231011-WA0123-1024x498.jpg 1024w, https:\/\/mrfashion.pt\/wp-content\/uploads\/2023\/10\/IMG-20231011-WA0123-300x146.jpg 300w, https:\/\/mrfashion.pt\/wp-content\/uploads\/2023\/10\/IMG-20231011-WA0123-768x373.jpg 768w, https:\/\/mrfashion.pt\/wp-content\/uploads\/2023\/10\/IMG-20231011-WA0123-1536x747.jpg 1536w, https:\/\/mrfashion.pt\/wp-content\/uploads\/2023\/10\/IMG-20231011-WA0123.jpg 2016w\" sizes=\"auto, (max-width: 767px) 89vw, (max-width: 1000px) 54vw, (max-width: 1071px) 543px, 580px\" \/><\/figure>\n\n\n\n<p class=\"has-text-align-center\"><\/p>\n\n\n\n<p><\/p>\n","protected":false},"excerpt":{"rendered":"<p>Mr Fashion \u00e9 uma empresa criada por jovens com mais de 30 anos de experi\u00eancia no sector. A nossa empresa adapta-se \u00e0s necessidades imediatas dos clientes, trabalhando com malhas, tecidos, sarjas, gangas peles e outros. Surgimos ap\u00f3s a pandemia em 2021 em Guimar\u00e3es, Portugal. A nossa empresa \u00e9 reconhecida pela sua qualidade, solidez e compet\u00eancia &hellip; <\/p>\n<p class=\"link-more\"><a href=\"https:\/\/mrfashion.pt\/?page_id=16\" class=\"more-link\">Continuar a ler <span class=\"screen-reader-text\">&#8220;A EMPRESA\/ COMPANY\/ENTREPRISE&#8221;<\/span><\/a><\/p>\n","protected":false},"author":2,"featured_media":0,"parent":0,"menu_order":0,"comment_status":"closed","ping_status":"closed","template":"","meta":{"footnotes":""},"class_list":["post-16","page","type-page","status-publish","hentry"],"yoast_head":"<!-- This site is optimized with the Yoast SEO plugin v24.0 - https:\/\/yoast.com\/wordpress\/plugins\/seo\/ -->\n<title>A EMPRESA\/ COMPANY\/ENTREPRISE -<\/title>\n<meta name=\"robots\" content=\"index, follow, max-snippet:-1, max-image-preview:large, max-video-preview:-1\" \/>\n<link rel=\"canonical\" href=\"https:\/\/mrfashion.pt\/?page_id=16\" \/>\n<meta property=\"og:locale\" content=\"pt_PT\" \/>\n<meta property=\"og:type\" content=\"article\" \/>\n<meta property=\"og:title\" content=\"A EMPRESA\/ COMPANY\/ENTREPRISE -\" \/>\n<meta property=\"og:description\" content=\"Mr Fashion \u00e9 uma empresa criada por jovens com mais de 30 anos de experi\u00eancia no sector. A nossa empresa adapta-se \u00e0s necessidades imediatas dos clientes, trabalhando com malhas, tecidos, sarjas, gangas peles e outros. Surgimos ap\u00f3s a pandemia em 2021 em Guimar\u00e3es, Portugal. A nossa empresa \u00e9 reconhecida pela sua qualidade, solidez e compet\u00eancia &hellip; Continuar a ler &quot;A EMPRESA\/ COMPANY\/ENTREPRISE&quot;\" \/>\n<meta property=\"og:url\" content=\"https:\/\/mrfashion.pt\/?page_id=16\" \/>\n<meta property=\"article:modified_time\" content=\"2023-10-19T07:45:21+00:00\" \/>\n<meta property=\"og:image\" content=\"https:\/\/mrfashion.pt\/wp-content\/uploads\/2023\/10\/IMG-20231011-WA0122-1-1024x498.jpg\" \/>\n<meta name=\"twitter:card\" content=\"summary_large_image\" \/>\n<meta name=\"twitter:label1\" content=\"Tempo estimado de leitura\" \/>\n\t<meta name=\"twitter:data1\" content=\"4 minutos\" \/>\n<script type=\"application\/ld+json\" class=\"yoast-schema-graph\">{\"@context\":\"https:\/\/schema.org\",\"@graph\":[{\"@type\":\"WebPage\",\"@id\":\"https:\/\/mrfashion.pt\/?page_id=16\",\"url\":\"https:\/\/mrfashion.pt\/?page_id=16\",\"name\":\"A EMPRESA\/ COMPANY\/ENTREPRISE -\",\"isPartOf\":{\"@id\":\"https:\/\/mrfashion.pt\/#website\"},\"primaryImageOfPage\":{\"@id\":\"https:\/\/mrfashion.pt\/?page_id=16#primaryimage\"},\"image\":{\"@id\":\"https:\/\/mrfashion.pt\/?page_id=16#primaryimage\"},\"thumbnailUrl\":\"https:\/\/mrfashion.pt\/wp-content\/uploads\/2023\/10\/IMG-20231011-WA0122-1-1024x498.jpg\",\"datePublished\":\"2023-10-09T16:17:47+00:00\",\"dateModified\":\"2023-10-19T07:45:21+00:00\",\"breadcrumb\":{\"@id\":\"https:\/\/mrfashion.pt\/?page_id=16#breadcrumb\"},\"inLanguage\":\"pt-PT\",\"potentialAction\":[{\"@type\":\"ReadAction\",\"target\":[\"https:\/\/mrfashion.pt\/?page_id=16\"]}]},{\"@type\":\"ImageObject\",\"inLanguage\":\"pt-PT\",\"@id\":\"https:\/\/mrfashion.pt\/?page_id=16#primaryimage\",\"url\":\"https:\/\/mrfashion.pt\/wp-content\/uploads\/2023\/10\/IMG-20231011-WA0122-1.jpg\",\"contentUrl\":\"https:\/\/mrfashion.pt\/wp-content\/uploads\/2023\/10\/IMG-20231011-WA0122-1.jpg\",\"width\":2016,\"height\":980},{\"@type\":\"BreadcrumbList\",\"@id\":\"https:\/\/mrfashion.pt\/?page_id=16#breadcrumb\",\"itemListElement\":[{\"@type\":\"ListItem\",\"position\":1,\"name\":\"In\u00edcio\",\"item\":\"https:\/\/mrfashion.pt\/\"},{\"@type\":\"ListItem\",\"position\":2,\"name\":\"A EMPRESA\/ COMPANY\/ENTREPRISE\"}]},{\"@type\":\"WebSite\",\"@id\":\"https:\/\/mrfashion.pt\/#website\",\"url\":\"https:\/\/mrfashion.pt\/\",\"name\":\"\",\"description\":\"\",\"potentialAction\":[{\"@type\":\"SearchAction\",\"target\":{\"@type\":\"EntryPoint\",\"urlTemplate\":\"https:\/\/mrfashion.pt\/?s={search_term_string}\"},\"query-input\":{\"@type\":\"PropertyValueSpecification\",\"valueRequired\":true,\"valueName\":\"search_term_string\"}}],\"inLanguage\":\"pt-PT\"}]}<\/script>\n<!-- \/ Yoast SEO plugin. -->","yoast_head_json":{"title":"A EMPRESA\/ COMPANY\/ENTREPRISE -","robots":{"index":"index","follow":"follow","max-snippet":"max-snippet:-1","max-image-preview":"max-image-preview:large","max-video-preview":"max-video-preview:-1"},"canonical":"https:\/\/mrfashion.pt\/?page_id=16","og_locale":"pt_PT","og_type":"article","og_title":"A EMPRESA\/ COMPANY\/ENTREPRISE -","og_description":"Mr Fashion \u00e9 uma empresa criada por jovens com mais de 30 anos de experi\u00eancia no sector. A nossa empresa adapta-se \u00e0s necessidades imediatas dos clientes, trabalhando com malhas, tecidos, sarjas, gangas peles e outros. Surgimos ap\u00f3s a pandemia em 2021 em Guimar\u00e3es, Portugal. A nossa empresa \u00e9 reconhecida pela sua qualidade, solidez e compet\u00eancia &hellip; Continuar a ler \"A EMPRESA\/ COMPANY\/ENTREPRISE\"","og_url":"https:\/\/mrfashion.pt\/?page_id=16","article_modified_time":"2023-10-19T07:45:21+00:00","og_image":[{"url":"https:\/\/mrfashion.pt\/wp-content\/uploads\/2023\/10\/IMG-20231011-WA0122-1-1024x498.jpg","type":"","width":"","height":""}],"twitter_card":"summary_large_image","twitter_misc":{"Tempo estimado de leitura":"4 minutos"},"schema":{"@context":"https:\/\/schema.org","@graph":[{"@type":"WebPage","@id":"https:\/\/mrfashion.pt\/?page_id=16","url":"https:\/\/mrfashion.pt\/?page_id=16","name":"A EMPRESA\/ COMPANY\/ENTREPRISE -","isPartOf":{"@id":"https:\/\/mrfashion.pt\/#website"},"primaryImageOfPage":{"@id":"https:\/\/mrfashion.pt\/?page_id=16#primaryimage"},"image":{"@id":"https:\/\/mrfashion.pt\/?page_id=16#primaryimage"},"thumbnailUrl":"https:\/\/mrfashion.pt\/wp-content\/uploads\/2023\/10\/IMG-20231011-WA0122-1-1024x498.jpg","datePublished":"2023-10-09T16:17:47+00:00","dateModified":"2023-10-19T07:45:21+00:00","breadcrumb":{"@id":"https:\/\/mrfashion.pt\/?page_id=16#breadcrumb"},"inLanguage":"pt-PT","potentialAction":[{"@type":"ReadAction","target":["https:\/\/mrfashion.pt\/?page_id=16"]}]},{"@type":"ImageObject","inLanguage":"pt-PT","@id":"https:\/\/mrfashion.pt\/?page_id=16#primaryimage","url":"https:\/\/mrfashion.pt\/wp-content\/uploads\/2023\/10\/IMG-20231011-WA0122-1.jpg","contentUrl":"https:\/\/mrfashion.pt\/wp-content\/uploads\/2023\/10\/IMG-20231011-WA0122-1.jpg","width":2016,"height":980},{"@type":"BreadcrumbList","@id":"https:\/\/mrfashion.pt\/?page_id=16#breadcrumb","itemListElement":[{"@type":"ListItem","position":1,"name":"In\u00edcio","item":"https:\/\/mrfashion.pt\/"},{"@type":"ListItem","position":2,"name":"A EMPRESA\/ COMPANY\/ENTREPRISE"}]},{"@type":"WebSite","@id":"https:\/\/mrfashion.pt\/#website","url":"https:\/\/mrfashion.pt\/","name":"","description":"","potentialAction":[{"@type":"SearchAction","target":{"@type":"EntryPoint","urlTemplate":"https:\/\/mrfashion.pt\/?s={search_term_string}"},"query-input":{"@type":"PropertyValueSpecification","valueRequired":true,"valueName":"search_term_string"}}],"inLanguage":"pt-PT"}]}},"_links":{"self":[{"href":"https:\/\/mrfashion.pt\/index.php?rest_route=\/wp\/v2\/pages\/16","targetHints":{"allow":["GET"]}}],"collection":[{"href":"https:\/\/mrfashion.pt\/index.php?rest_route=\/wp\/v2\/pages"}],"about":[{"href":"https:\/\/mrfashion.pt\/index.php?rest_route=\/wp\/v2\/types\/page"}],"author":[{"embeddable":true,"href":"https:\/\/mrfashion.pt\/index.php?rest_route=\/wp\/v2\/users\/2"}],"replies":[{"embeddable":true,"href":"https:\/\/mrfashion.pt\/index.php?rest_route=%2Fwp%2Fv2%2Fcomments&post=16"}],"version-history":[{"count":27,"href":"https:\/\/mrfashion.pt\/index.php?rest_route=\/wp\/v2\/pages\/16\/revisions"}],"predecessor-version":[{"id":282,"href":"https:\/\/mrfashion.pt\/index.php?rest_route=\/wp\/v2\/pages\/16\/revisions\/282"}],"wp:attachment":[{"href":"https:\/\/mrfashion.pt\/index.php?rest_route=%2Fwp%2Fv2%2Fmedia&parent=16"}],"curies":[{"name":"wp","href":"https:\/\/api.w.org\/{rel}","templated":true}]}}